{"id":53,"date":"2013-10-15T19:11:33","date_gmt":"2013-10-15T17:11:33","guid":{"rendered":"http:\/\/jong.dk\/fond\/?page_id=53"},"modified":"2025-02-24T20:26:58","modified_gmt":"2025-02-24T19:26:58","slug":"velkommen","status":"publish","type":"page","link":"https:\/\/jong.dk\/fond\/","title":{"rendered":"Velkommen"},"content":{"rendered":"\n<p>Hej og velkommen til Jongs Taekwondo Fond!<\/p>\n\n\n\n<p>Jong var en karismatisk taekwondoud\u00f8ver, som oprindeligt kom fra Hong Kong, men bosatte sig i Danmark i 1978, hvor han frem til sin d\u00f8d i 2011 var aktiv som bl.a. instrukt\u00f8r og teknik- og kampdommer. Du kan l\u00e6se mere om Jongs historie here: <a href=\"https:\/\/jong.dk\/fond\/om-jong\/\">Om Jong<\/a><\/p>\n\n\n\n<p>Inden sin d\u00f8d oprettede Jong en fond i sit navn med form\u00e5l at&nbsp;at yde st\u00f8tte til klubberne i deres arbejde for at motivere elevernes lyst til at have det sjovt, f\u00e5 en masse gode oplevelser og v\u00e6re stolte af sin tr\u00e6ning.<\/p>\n\n\n\n<p><strong>Fonden er lukket per 12.07.2019<\/strong>&nbsp;men mindet om Jong lever videre. &lt;3<\/p>\n\n\n\n<p><\/p>\n","protected":false},"excerpt":{"rendered":"<p>Hej og velkommen til Jongs Taekwondo Fond! Jong var en karismatisk taekwondoud\u00f8ver, som oprindeligt kom fra Hong Kong, men bosatte sig i Danmark i 1978, hvor han frem til sin d\u00f8d i 2011 var aktiv som bl.a. instrukt\u00f8r og teknik- og kampdommer. Du kan l\u00e6se mere om Jongs historie here: Om Jong Inden sin d\u00f8d [&hellip;]<\/p>\n","protected":false},"author":2,"featured_media":0,"parent":0,"menu_order":0,"comment_status":"closed","ping_status":"closed","template":"","meta":{"ngg_post_thumbnail":0,"footnotes":""},"class_list":["post-53","page","type-page","status-publish","hentry"],"_links":{"self":[{"href":"https:\/\/jong.dk\/fond\/wp-json\/wp\/v2\/pages\/53","targetHints":{"allow":["GET"]}}],"collection":[{"href":"https:\/\/jong.dk\/fond\/wp-json\/wp\/v2\/pages"}],"about":[{"href":"https:\/\/jong.dk\/fond\/wp-json\/wp\/v2\/types\/page"}],"author":[{"embeddable":true,"href":"https:\/\/jong.dk\/fond\/wp-json\/wp\/v2\/users\/2"}],"replies":[{"embeddable":true,"href":"https:\/\/jong.dk\/fond\/wp-json\/wp\/v2\/comments?post=53"}],"version-history":[{"count":6,"href":"https:\/\/jong.dk\/fond\/wp-json\/wp\/v2\/pages\/53\/revisions"}],"predecessor-version":[{"id":113,"href":"https:\/\/jong.dk\/fond\/wp-json\/wp\/v2\/pages\/53\/revisions\/113"}],"wp:attachment":[{"href":"https:\/\/jong.dk\/fond\/wp-json\/wp\/v2\/media?parent=53"}],"curies":[{"name":"wp","href":"https:\/\/api.w.org\/{rel}","templated":true}]}}